{"id":1995,"date":"2024-09-27T09:37:52","date_gmt":"2024-09-27T09:37:52","guid":{"rendered":"https:\/\/dyit-smart.com\/?post_type=product&#038;p=1995"},"modified":"2026-05-08T13:00:03","modified_gmt":"2026-05-08T13:00:03","slug":"dji-agras-t50-drone-agricola","status":"publish","type":"product","link":"https:\/\/dyit-smart.com\/es\/product\/dji-agras-t50-agricultural-drone\/","title":{"rendered":"DJI Agras T50 Drone agr\u00edcola"},"content":{"rendered":"<p><!-- DJI Agras T50 Product Description --><\/p>\n<p style=\"font-size: 16px; line-height: 1.7; color: #333;\">El DJI Agras T50 es un potente dron agr\u00edcola profesional dise\u00f1ado para la agricultura de precisi\u00f3n a gran escala. Con una robusta estructura de doble rotor coaxial y una bater\u00eda inteligente DB1560 de alta capacidad, ofrece un vuelo estable, una larga resistencia y un rendimiento fiable para operaciones de campo durante todo el d\u00eda.<\/p>\n<p style=\"font-size: 16px; line-height: 1.7; color: #333;\">Viene equipado con un <span style=\"color: #235794; font-weight: bold;\">Dep\u00f3sito de pulverizaci\u00f3n de 40 L<\/span> y un <span style=\"color: #235794; font-weight: bold;\">Tolva esparcidora de 75 L<\/span> con una carga m\u00e1xima de 50 kg. <span style=\"color: #003366;\"><strong>Hay disponible un dep\u00f3sito opcional de 50 litros para aplicaciones en huertos. <\/strong><\/span>El dron permite alternar r\u00e1pidamente entre la pulverizaci\u00f3n l\u00edquida y el esparcimiento s\u00f3lido, adapt\u00e1ndose totalmente a las diversas necesidades agr\u00edcolas.<\/p>\n<p style=\"font-size: 16px; line-height: 1.7; color: #333;\">Con radares phased array duales y sistemas de visi\u00f3n binocular, el T50 proporciona <span style=\"color: #235794; font-weight: bold;\">Evitaci\u00f3n de obst\u00e1culos omnidireccional de 360<\/span>, La tecnolog\u00eda de carga ultrarr\u00e1pida carga la bater\u00eda por completo en s\u00f3lo 9 minutos. La tecnolog\u00eda de carga ultrarr\u00e1pida carga completamente la bater\u00eda en solo 9 minutos, garantizando un trabajo ininterrumpido y de alta eficiencia.<\/p>\n<h2 style=\"color: #1a4072; margin-top: 25px;\">Especificaciones b\u00e1sicas<\/h2>\n<h3 style=\"color: #1a4072; margin-top: 20px;\">Aviones<\/h3>\n<ul style=\"line-height: 1.8;\">\n<li>Tama\u00f1o sin plegar: 2800 \u00d7 3085 \u00d7 820 mm \/ 860 mm<\/li>\n<li>Tama\u00f1o plegado: 1115 \u00d7 750 \u00d7 900 mm<\/li>\n<li>Peso: 39,9 kg (sin bater\u00eda); 52 kg (con bater\u00eda)<\/li>\n<li>Peso m\u00e1ximo al despegue: <span style=\"color: #235794; font-weight: bold;\">92kg \/ 103kg (huerto)<\/span><\/li>\n<li>Bater\u00eda: DB1560, 30000mAh, 52.22V<img fetchpriority=\"high\" decoding=\"async\" class=\"aligncenter size-full wp-image-2208\" src=\"https:\/\/dyit-smart.com\/wp-content\/uploads\/2026\/04\/high-performance-dji-t50-used-1.jpg\" alt=\"\" width=\"1200\" height=\"675\" srcset=\"https:\/\/dyit-smart.com\/wp-content\/uploads\/2026\/04\/high-performance-dji-t50-used-1.jpg 1200w, https:\/\/dyit-smart.com\/wp-content\/uploads\/2026\/04\/high-performance-dji-t50-used-1-300x169.jpg 300w, https:\/\/dyit-smart.com\/wp-content\/uploads\/2026\/04\/high-performance-dji-t50-used-1-1024x576.jpg 1024w, https:\/\/dyit-smart.com\/wp-content\/uploads\/2026\/04\/high-performance-dji-t50-used-1-768x432.jpg 768w\" sizes=\"(max-width: 1200px) 100vw, 1200px\" \/><\/li>\n<\/ul>\n<h3 style=\"color: #1a4072; margin-top: 20px;\">Sistema de pulverizaci\u00f3n<\/h3>\n<ul style=\"line-height: 1.8;\">\n<li>2 boquillas est\u00e1ndar, 4 boquillas opcionales<\/li>\n<li>Ancho de pulverizaci\u00f3n: 4-11m; Tama\u00f1o de gota: 50-500\u03bcm<\/li>\n<li>Caudal m\u00e1ximo: <span style=\"color: #235794; font-weight: bold;\">16L\/min - 24L\/min<img decoding=\"async\" class=\"aligncenter size-full wp-image-2104\" src=\"https:\/\/dyit-smart.com\/wp-content\/uploads\/2026\/04\/dji-t50-drone-for-pesticide-spraying.jpg\" alt=\"\" width=\"1200\" height=\"675\" srcset=\"https:\/\/dyit-smart.com\/wp-content\/uploads\/2026\/04\/dji-t50-drone-for-pesticide-spraying.jpg 1200w, https:\/\/dyit-smart.com\/wp-content\/uploads\/2026\/04\/dji-t50-drone-for-pesticide-spraying-300x169.jpg 300w, https:\/\/dyit-smart.com\/wp-content\/uploads\/2026\/04\/dji-t50-drone-for-pesticide-spraying-1024x576.jpg 1024w, https:\/\/dyit-smart.com\/wp-content\/uploads\/2026\/04\/dji-t50-drone-for-pesticide-spraying-768x432.jpg 768w\" sizes=\"(max-width: 1200px) 100vw, 1200px\" \/><\/span><\/li>\n<\/ul>\n<h3 style=\"color: #1a4072; margin-top: 20px;\">Sistema de dispersi\u00f3n<\/h3>\n<ul style=\"line-height: 1.8;\">\n<li>Adecuado para materiales granulares secos de 0,5-5 mm<\/li>\n<li>Tolva de 75L; Carga m\u00e1xima: <span style=\"color: #235794; font-weight: bold;\">50 kg<\/span><\/li>\n<li>Anchura de esparcido: 8 m; Caudal m\u00e1x: 108kg\/min<img decoding=\"async\" class=\"aligncenter size-full wp-image-2110\" src=\"https:\/\/dyit-smart.com\/wp-content\/uploads\/2026\/04\/used-dji-t50-agras-spraying-drone.jpg\" alt=\"\" width=\"1200\" height=\"675\" srcset=\"https:\/\/dyit-smart.com\/wp-content\/uploads\/2026\/04\/used-dji-t50-agras-spraying-drone.jpg 1200w, https:\/\/dyit-smart.com\/wp-content\/uploads\/2026\/04\/used-dji-t50-agras-spraying-drone-300x169.jpg 300w, https:\/\/dyit-smart.com\/wp-content\/uploads\/2026\/04\/used-dji-t50-agras-spraying-drone-1024x576.jpg 1024w, https:\/\/dyit-smart.com\/wp-content\/uploads\/2026\/04\/used-dji-t50-agras-spraying-drone-768x432.jpg 768w\" sizes=\"(max-width: 1200px) 100vw, 1200px\" \/><\/li>\n<\/ul>\n<h3 style=\"color: #1a4072; margin-top: 20px;\">Evitaci\u00f3n de obst\u00e1culos y posicionamiento<\/h3>\n<ul style=\"line-height: 1.8;\">\n<li>Sistema de detecci\u00f3n omnidireccional de 360<\/li>\n<li>Admite cartograf\u00eda de pendientes de 20\u00b0 y seguimiento del terreno de 50<\/li>\n<li>RTK de alta precisi\u00f3n: <span style=\"color: #235794; font-weight: bold;\">\u00b110 cm<\/span><\/li>\n<\/ul>\n<h3 style=\"color: #1a4072; margin-top: 20px;\">Configuraciones b\u00e1sicas<\/h3>\n<ul style=\"line-height: 1.8;\">\n<li>Mando a distancia RM700B con pantalla de 7,02 pulgadas<\/li>\n<li>Temperatura de trabajo: -20\u2103 a 50\u2103<\/li>\n<li>Resistencia al viento: <span style=\"color: #235794; font-weight: bold;\">6m\/s<\/span><\/li>\n<li>Transmisi\u00f3n de im\u00e1genes O3: 4-7 km (seg\u00fan la regi\u00f3n)<\/li>\n<\/ul>\n<h2 style=\"color: #1a4072; margin-top: 25px;\">Ventajas del producto<\/h2>\n<ul style=\"line-height: 1.8;\">\n<li>\u2705 <span style=\"color: #235794; font-weight: bold;\">Gran capacidad de carga<\/span> - Alta carga de pulverizaci\u00f3n y esparcimiento ideal para grandes explotaciones y huertos de monta\u00f1a<\/li>\n<li>\u2705 <span style=\"color: #235794; font-weight: bold;\">Carga ultrarr\u00e1pida en 9 minutos<\/span> - Minimiza el tiempo de inactividad y maximiza el funcionamiento continuo<\/li>\n<li>\u2705 <span style=\"color: #235794; font-weight: bold;\">Eficiencia de trabajo superior<\/span> - Caudales elevados para una r\u00e1pida cobertura de grandes superficies agr\u00edcolas<\/li>\n<li>\u2705 <span style=\"color: #235794; font-weight: bold;\">Seguridad 360\u00b0 en todas las direcciones<\/span> - Evitaci\u00f3n total de obst\u00e1culos para un funcionamiento seguro en campos complejos<\/li>\n<li>\u2705 <span style=\"color: #235794; font-weight: bold;\">Funcionamiento inteligente y sencillo<\/span> - Planificaci\u00f3n autom\u00e1tica de rutas, cartograf\u00eda r\u00e1pida y control sencillo<\/li>\n<\/ul>\n<h2 style=\"color: #1a4072; margin-top: 25px;\">Funciones inteligentes<\/h2>\n<p style=\"font-size: 16px; line-height: 1.7; color: #333;\">El DJI Agras T50 es totalmente compatible con los principales controladores remotos DJI. Es compatible con el mapeo r\u00e1pido en 2D y 3D para la topograf\u00eda eficiente de grandes \u00e1reas y la transmisi\u00f3n estable de im\u00e1genes a larga distancia para un rendimiento fiable en entornos de trabajo complejos.<\/p>","protected":false},"featured_media":2107,"template":"","meta":{"_acf_changed":false,"site-sidebar-layout":"default","site-content-layout":"","ast-site-content-layout":"default","site-content-style":"default","site-sidebar-style":"default","ast-global-header-display":"","ast-banner-title-visibility":"","ast-main-header-display":"","ast-hfb-above-header-display":"","ast-hfb-below-header-display":"","ast-hfb-mobile-header-display":"","site-post-title":"","ast-breadcrumbs-content":"","ast-featured-img":"","footer-sml-layout":"","theme-transparent-header-meta":"default","adv-header-id-meta":"","stick-header-meta":"default","header-above-stick-meta":"","header-main-stick-meta":"","header-below-stick-meta":"","astra-migrate-meta-layouts":"set","ast-page-background-enabled":"default","ast-page-background-meta":{"desktop":{"background-color":"var(--ast-global-color-4)","background-image":"","background-repeat":"repeat","background-position":"center center","background-size":"auto","background-attachment":"scroll","background-type":"","background-media":"","overlay-type":"","overlay-color":"","overlay-gradient":""},"tablet":{"background-color":"","background-image":"","background-repeat":"repeat","background-position":"center center","background-size":"auto","background-attachment":"scroll","background-type":"","background-media":"","overlay-type":"","overlay-color":"","overlay-gradient":""},"mobile":{"background-color":"","background-image":"","background-repeat":"repeat","background-position":"center center","background-size":"auto","background-attachment":"scroll","background-type":"","background-media":"","overlay-type":"","overlay-color":"","overlay-gradient":""}},"ast-content-background-meta":{"desktop":{"background-color":"var(--ast-global-color-5)","background-image":"","background-repeat":"repeat","background-position":"center center","background-size":"auto","background-attachment":"scroll","background-type":"","background-media":"","overlay-type":"","overlay-color":"","overlay-gradient":""},"tablet":{"background-color":"var(--ast-global-color-5)","background-image":"","background-repeat":"repeat","background-position":"center center","background-size":"auto","background-attachment":"scroll","background-type":"","background-media":"","overlay-type":"","overlay-color":"","overlay-gradient":""},"mobile":{"background-color":"var(--ast-global-color-5)","background-image":"","background-repeat":"repeat","background-position":"center center","background-size":"auto","background-attachment":"scroll","background-type":"","background-media":"","overlay-type":"","overlay-color":"","overlay-gradient":""}}},"tags":[],"products":[80],"class_list":["post-1995","product","type-product","status-publish","has-post-thumbnail","hentry","products-agricultural-drones"],"acf":[],"_links":{"self":[{"href":"https:\/\/dyit-smart.com\/es\/wp-json\/wp\/v2\/product\/1995","targetHints":{"allow":["GET"]}}],"collection":[{"href":"https:\/\/dyit-smart.com\/es\/wp-json\/wp\/v2\/product"}],"about":[{"href":"https:\/\/dyit-smart.com\/es\/wp-json\/wp\/v2\/types\/product"}],"wp:featuredmedia":[{"embeddable":true,"href":"https:\/\/dyit-smart.com\/es\/wp-json\/wp\/v2\/media\/2107"}],"wp:attachment":[{"href":"https:\/\/dyit-smart.com\/es\/wp-json\/wp\/v2\/media?parent=1995"}],"wp:term":[{"taxonomy":"post_tag","embeddable":true,"href":"https:\/\/dyit-smart.com\/es\/wp-json\/wp\/v2\/tags?post=1995"},{"taxonomy":"products","embeddable":true,"href":"https:\/\/dyit-smart.com\/es\/wp-json\/wp\/v2\/products?post=1995"}],"curies":[{"name":"wp","href":"https:\/\/api.w.org\/{rel}","templated":true}]}}