{"id":2138,"date":"2025-09-06T08:56:41","date_gmt":"2025-09-06T08:56:41","guid":{"rendered":"https:\/\/dyit-smart.com\/?post_type=product&#038;p=2138"},"modified":"2026-05-08T13:01:07","modified_gmt":"2026-05-08T13:01:07","slug":"dji-agras-t100-drone-agricola","status":"publish","type":"product","link":"https:\/\/dyit-smart.com\/es\/product\/dji-agras-t100-agricultural-drone\/","title":{"rendered":"DJI Agras T100 Drone agr\u00edcola"},"content":{"rendered":"<div style=\"max-width: 100%; overflow-x: hidden; font-family: Arial, sans-serif;\">\n<p><!-- \u4e3b\u6807\u9898 --><\/p>\n<h1 style=\"color: #1a4072; font-size: 26px; font-weight: bold; margin-bottom: 10px;\">DJI Agras T100: dron agr\u00edcola insignia<\/h1>\n<p style=\"font-size: 16px; line-height: 1.7; color: #333; margin-bottom: 20px;\">El DJI Agras T100 es un <span style=\"color: #235794; font-weight: bold;\">dron agr\u00edcola insignia de alto rendimiento<\/span> que lleva la agricultura de precisi\u00f3n a una nueva era del piloto autom\u00e1tico a\u00e9reo. Dise\u00f1ado para grandes explotaciones, huertos y terrenos monta\u00f1osos, ofrece una potencia, eficiencia y seguridad excepcionales.<\/p>\n<p><!-- \u6838\u5fc3\u4eae\u70b9 --><\/p>\n<h3 style=\"color: #1a4072; font-size: 20px; margin-top: 25px;\">Lo m\u00e1s destacado<\/h3>\n<ul style=\"padding-left: 20px; line-height: 1.8; font-size: 16px; color: #333;\">\n<li>Dise\u00f1o de doble rotor coaxial con h\u00e9lices de fibra de carbono de 62 pulgadas<\/li>\n<li>Alimentaci\u00f3n mediante bater\u00eda de vuelo inteligente DB2160 de gran capacidad<\/li>\n<li>Dep\u00f3sito de pulverizaci\u00f3n de 75 L \/ tolva de distribuci\u00f3n de 150 L \/ capacidad de elevaci\u00f3n de 85 kg<\/li>\n<li>Evitaci\u00f3n de obst\u00e1culos omnidireccional de 360\u00b0 con radar + visi\u00f3n + l\u00e1ser<\/li>\n<li>Carga ultrarr\u00e1pida en 9 minutos de 30% a 95%<\/li>\n<li>Admite la pulverizaci\u00f3n, el esparcimiento y la elevaci\u00f3n de material<\/li>\n<\/ul>\n<p><!-- \u98de\u673a\u53c2\u6570 --><\/p>\n<h3 style=\"color: #1a4072; font-size: 20px; margin-top: 25px;\">Especificaciones del avi\u00f3n<\/h3>\n<ul style=\"padding-left: 20px; line-height: 1.8; font-size: 16px; color: #333;\">\n<li>Desplegado: 3200 \u00d7 3450 \u00d7 980 mm<\/li>\n<li>Plegado: 1350 \u00d7 880 \u00d7 1050 mm<\/li>\n<li>Peso: 68 kg (sin bater\u00eda) | 85 kg (con bater\u00eda)<\/li>\n<li>Peso m\u00e1ximo al despegue: <span style=\"color: #235794; font-weight: bold;\">149,9 kg<\/span><\/li>\n<li>Bater\u00eda: DB2160, 42000mAh, 54.6V con triple disipaci\u00f3n de calor<\/li>\n<\/ul>\n<p><!-- \u55b7\u6d12\u7cfb\u7edf --><\/p>\n<h3 style=\"color: #1a4072; font-size: 20px; margin-top: 25px;\">Sistema de pulverizaci\u00f3n<\/h3>\n<ul style=\"padding-left: 20px; line-height: 1.8; font-size: 16px; color: #333;\">\n<li>2 boquillas est\u00e1ndar + 4 boquillas de nebulizaci\u00f3n refrigeradas por agua opcionales<\/li>\n<li>Ancho de pulverizaci\u00f3n: 5-15m | Tama\u00f1o de gota: 10-500\u03bcm<\/li>\n<li>Caudal m\u00e1ximo: <span style=\"color: #235794; font-weight: bold;\">30L\/min (est\u00e1ndar) \/ 40L\/min (niebla)<\/span><\/li>\n<\/ul>\n<p><!-- \u64ad\u6492\u7cfb\u7edf --><\/p>\n<h3 style=\"color: #1a4072; font-size: 20px; margin-top: 25px;\">Sistema de dispersi\u00f3n<\/h3>\n<ul style=\"padding-left: 20px; line-height: 1.8; font-size: 16px; color: #333;\">\n<li>Tolva de 150L | Carga m\u00e1xima: <span style=\"color: #235794; font-weight: bold;\">100 kg<\/span><\/li>\n<li>Tama\u00f1o del material: 0,5-10 mm (abono, semillas, etc.)<\/li>\n<li>Anchura de esparcido: 12m | Caudal m\u00e1x: 400kg\/min<\/li>\n<\/ul>\n<p><!-- \u8f7d\u91cd\u540a\u8fd0 --><\/p>\n<h3 style=\"color: #1a4072; font-size: 20px; margin-top: 25px;\">Sistema de elevaci\u00f3n<\/h3>\n<ul style=\"padding-left: 20px; line-height: 1.8; font-size: 16px; color: #333;\">\n<li>Capacidad de elevaci\u00f3n m\u00e1xima: <span style=\"color: #235794; font-weight: bold;\">85 kg<\/span><\/li>\n<li>Estabilizaci\u00f3n inteligente de la carga y eliminaci\u00f3n autom\u00e1tica de oscilaciones<\/li>\n<li>Posicionamiento AR y detecci\u00f3n de peso<\/li>\n<\/ul>\n<p><!-- \u907f\u969c\u4e0e\u5b9a\u4f4d --><\/p>\n<h3 style=\"color: #1a4072; font-size: 20px; margin-top: 25px;\">Evitaci\u00f3n de obst\u00e1culos y posicionamiento<\/h3>\n<ul style=\"padding-left: 20px; line-height: 1.8; font-size: 16px; color: #333;\">\n<li>Detecci\u00f3n omnidireccional de 360\u00b0 (l\u00e1ser + radar + visi\u00f3n)<\/li>\n<li>Admite cartograf\u00eda de pendientes de 90\u00b0 y seguimiento del terreno de 50<\/li>\n<li>Precisi\u00f3n RTK: \u00b110cm | Admite funcionamiento nocturno<\/li>\n<\/ul>\n<p><!-- \u57fa\u7840\u914d\u7f6e --><\/p>\n<h3 style=\"color: #1a4072; font-size: 20px; margin-top: 25px;\">Configuraci\u00f3n b\u00e1sica<\/h3>\n<ul style=\"padding-left: 20px; line-height: 1.8; font-size: 16px; color: #333;\">\n<li>Mando a distancia RM800C con pantalla t\u00e1ctil de 8 pulgadas<\/li>\n<li>Temperatura de funcionamiento: 0\u2103 a 40\u2103<\/li>\n<li>Resistencia al viento: 10 m\/s<\/li>\n<li>Transmisi\u00f3n de v\u00eddeo O4: 8 km (FCC)<\/li>\n<\/ul>\n<p><!-- \u4ea7\u54c1\u4f18\u52bf --><\/p>\n<h3 style=\"color: #1a4072; font-size: 20px; margin-top: 25px;\">Ventajas del producto<\/h3>\n<ul style=\"padding-left: 20px; line-height: 1.8; font-size: 16px; color: #333;\">\n<li>\u2705 <span style=\"color: #235794; font-weight: bold;\">Carga \u00fatil ultraelevada<\/span> para grandes explotaciones y huertos de monta\u00f1a<\/li>\n<li>\u2705 <span style=\"color: #235794; font-weight: bold;\">Carga r\u00e1pida en 9 minutos<\/span> para una eficacia ininterrumpida<\/li>\n<li>\u2705 <span style=\"color: #235794; font-weight: bold;\">Rendimiento l\u00edder en el sector<\/span> (400kg\/min esparcimiento, 40L\/min pulverizaci\u00f3n)<\/li>\n<li>\u2705 <span style=\"color: #235794; font-weight: bold;\">Seguridad integral de 360<\/span> con fusi\u00f3n multisensor<\/li>\n<li>\u2705 <span style=\"color: #235794; font-weight: bold;\">Funcionamiento inteligente AI<\/span> y adaptabilidad a todos los escenarios<\/li>\n<\/ul>\n<p><!-- \u667a\u80fd\u529f\u80fd --><\/p>\n<h3 style=\"color: #1a4072; font-size: 20px; margin-top: 25px;\">Funciones inteligentes<\/h3>\n<ul style=\"padding-left: 20px; line-height: 1.8; font-size: 16px; color: #333;\">\n<li>Cartograf\u00eda r\u00e1pida 2D\/3D y planificaci\u00f3n autom\u00e1tica de rutas<\/li>\n<li>Reconocimiento de obst\u00e1culos por IA y almacenamiento en memoria<\/li>\n<li>Asistencia de seguridad AR para despegue\/aterrizaje<\/li>\n<li>Transmisi\u00f3n de imagen estable a larga distancia<\/li>\n<li>Control de elevaci\u00f3n inteligente con automatizaci\u00f3n de ida y vuelta<\/li>\n<\/ul>\n<\/div>","protected":false},"featured_media":2139,"template":"","meta":{"_acf_changed":false,"site-sidebar-layout":"default","site-content-layout":"","ast-site-content-layout":"default","site-content-style":"default","site-sidebar-style":"default","ast-global-header-display":"","ast-banner-title-visibility":"","ast-main-header-display":"","ast-hfb-above-header-display":"","ast-hfb-below-header-display":"","ast-hfb-mobile-header-display":"","site-post-title":"","ast-breadcrumbs-content":"","ast-featured-img":"","footer-sml-layout":"","theme-transparent-header-meta":"default","adv-header-id-meta":"","stick-header-meta":"default","header-above-stick-meta":"","header-main-stick-meta":"","header-below-stick-meta":"","astra-migrate-meta-layouts":"set","ast-page-background-enabled":"default","ast-page-background-meta":{"desktop":{"background-color":"var(--ast-global-color-4)","background-image":"","background-repeat":"repeat","background-position":"center center","background-size":"auto","background-attachment":"scroll","background-type":"","background-media":"","overlay-type":"","overlay-color":"","overlay-gradient":""},"tablet":{"background-color":"","background-image":"","background-repeat":"repeat","background-position":"center center","background-size":"auto","background-attachment":"scroll","background-type":"","background-media":"","overlay-type":"","overlay-color":"","overlay-gradient":""},"mobile":{"background-color":"","background-image":"","background-repeat":"repeat","background-position":"center center","background-size":"auto","background-attachment":"scroll","background-type":"","background-media":"","overlay-type":"","overlay-color":"","overlay-gradient":""}},"ast-content-background-meta":{"desktop":{"background-color":"var(--ast-global-color-5)","background-image":"","background-repeat":"repeat","background-position":"center center","background-size":"auto","background-attachment":"scroll","background-type":"","background-media":"","overlay-type":"","overlay-color":"","overlay-gradient":""},"tablet":{"background-color":"var(--ast-global-color-5)","background-image":"","background-repeat":"repeat","background-position":"center center","background-size":"auto","background-attachment":"scroll","background-type":"","background-media":"","overlay-type":"","overlay-color":"","overlay-gradient":""},"mobile":{"background-color":"var(--ast-global-color-5)","background-image":"","background-repeat":"repeat","background-position":"center center","background-size":"auto","background-attachment":"scroll","background-type":"","background-media":"","overlay-type":"","overlay-color":"","overlay-gradient":""}}},"tags":[],"products":[80],"class_list":["post-2138","product","type-product","status-publish","has-post-thumbnail","hentry","products-agricultural-drones"],"acf":[],"_links":{"self":[{"href":"https:\/\/dyit-smart.com\/es\/wp-json\/wp\/v2\/product\/2138","targetHints":{"allow":["GET"]}}],"collection":[{"href":"https:\/\/dyit-smart.com\/es\/wp-json\/wp\/v2\/product"}],"about":[{"href":"https:\/\/dyit-smart.com\/es\/wp-json\/wp\/v2\/types\/product"}],"wp:featuredmedia":[{"embeddable":true,"href":"https:\/\/dyit-smart.com\/es\/wp-json\/wp\/v2\/media\/2139"}],"wp:attachment":[{"href":"https:\/\/dyit-smart.com\/es\/wp-json\/wp\/v2\/media?parent=2138"}],"wp:term":[{"taxonomy":"post_tag","embeddable":true,"href":"https:\/\/dyit-smart.com\/es\/wp-json\/wp\/v2\/tags?post=2138"},{"taxonomy":"products","embeddable":true,"href":"https:\/\/dyit-smart.com\/es\/wp-json\/wp\/v2\/products?post=2138"}],"curies":[{"name":"wp","href":"https:\/\/api.w.org\/{rel}","templated":true}]}}