{"id":2047,"date":"2024-05-06T09:24:01","date_gmt":"2024-05-06T09:24:01","guid":{"rendered":"https:\/\/dyit-smart.com\/?post_type=product&#038;p=2047"},"modified":"2026-05-08T12:59:11","modified_gmt":"2026-05-08T12:59:11","slug":"drone-agricole-dji-agras-t40","status":"publish","type":"product","link":"https:\/\/dyit-smart.com\/fr\/product\/dji-agras-t40-agricultural-drone\/","title":{"rendered":"DJI Agras T40 Drone agricole"},"content":{"rendered":"<p><!-- DJI Agras T40 Product Description --><\/p>\n<h1 style=\"color: #1a4072; font-weight: 600;\">DJI Agras T40 Drone agricole \u00e0 haute efficacit\u00e9<\/h1>\n<p style=\"font-size: 16px; line-height: 1.7; color: #333;\">Le DJI Agras T40 est un drone agricole polyvalent et performant con\u00e7u pour l'agriculture de pr\u00e9cision professionnelle. Gr\u00e2ce \u00e0 son design fiable \u00e0 deux rotors coaxiaux et \u00e0 sa batterie intelligente BAX601 de grande capacit\u00e9, il offre un vol stable, une longue endurance et des performances constantes pour les op\u00e9rations agricoles quotidiennes.<\/p>\n<p style=\"font-size: 16px; line-height: 1.7; color: #333;\">Il est dot\u00e9 d'un <span style=\"color: #235794; font-weight: bold;\">R\u00e9servoir de pulv\u00e9risation de 40 litres<\/span> (charge maximale de 40 kg) et un <span style=\"color: #235794; font-weight: bold;\">Tr\u00e9mie d'\u00e9pandage de 70L<\/span> (charge maximale de 50 kg). Il permet de passer rapidement de la pulv\u00e9risation liquide \u00e0 l'\u00e9pandage solide, ce qui est id\u00e9al pour les pesticides, les herbicides, les engrais et les semences, afin de r\u00e9pondre \u00e0 tous les types de besoins en mati\u00e8re de gestion des cultures.<\/p>\n<p style=\"font-size: 16px; line-height: 1.7; color: #333;\">\u00c9quip\u00e9 de <span style=\"color: #235794; font-weight: bold;\">Pr\u00e9vention des obstacles omnidirectionnelle \u00e0 360<\/span> (radar actif \u00e0 commande de phase + vision binoculaire), le T40 travaille en toute s\u00e9curit\u00e9 dans les champs complexes, les terrains en pente et les vergers denses. La charge rapide intelligente et la gestion intelligente de l'alimentation r\u00e9duisent les temps d'arr\u00eat et permettent un travail efficace tout au long de la journ\u00e9e.<\/p>\n<h2 style=\"color: #1a4072; margin-top: 25px;\">Sp\u00e9cifications de base<\/h2>\n<h3 style=\"color: #1a4072; margin-top: 20px;\">A\u00e9ronefs<\/h3>\n<ul style=\"line-height: 1.8;\">\n<li>Dimensions d\u00e9pli\u00e9es : 2800 \u00d7 3150 \u00d7 780 mm<\/li>\n<li>Taille pli\u00e9e : 1125 \u00d7 750 \u00d7 850mm<\/li>\n<li>Poids : 38 kg (sans batterie) ; 50 kg (avec batterie)<\/li>\n<li>Poids maximal au d\u00e9collage : <span style=\"color: #235794; font-weight: bold;\">90kg (spray) \/ 101kg (spread)<\/span><\/li>\n<li>Batterie : BAX601, 30000mAh, 52.22V<img fetchpriority=\"high\" decoding=\"async\" class=\"aligncenter size-full wp-image-2095\" src=\"https:\/\/dyit-smart.com\/wp-content\/uploads\/2026\/04\/used-dji-t40-agras-spraying-drone.jpg\" alt=\"\" width=\"1200\" height=\"675\" srcset=\"https:\/\/dyit-smart.com\/wp-content\/uploads\/2026\/04\/used-dji-t40-agras-spraying-drone.jpg 1200w, https:\/\/dyit-smart.com\/wp-content\/uploads\/2026\/04\/used-dji-t40-agras-spraying-drone-300x169.jpg 300w, https:\/\/dyit-smart.com\/wp-content\/uploads\/2026\/04\/used-dji-t40-agras-spraying-drone-1024x576.jpg 1024w, https:\/\/dyit-smart.com\/wp-content\/uploads\/2026\/04\/used-dji-t40-agras-spraying-drone-768x432.jpg 768w\" sizes=\"(max-width: 1200px) 100vw, 1200px\" \/><\/li>\n<\/ul>\n<h3 style=\"color: #1a4072; margin-top: 20px;\">Syst\u00e8me de pulv\u00e9risation<\/h3>\n<ul style=\"line-height: 1.8;\">\n<li>2 buses standard \u00e0 double atomisation<\/li>\n<li>Largeur de pulv\u00e9risation : 4-11m | Taille des gouttelettes : 50-300\u03bcm<\/li>\n<li>D\u00e9bit maximal : <span style=\"color: #235794; font-weight: bold;\">12L\/min<img decoding=\"async\" class=\"aligncenter size-full wp-image-2097\" src=\"https:\/\/dyit-smart.com\/wp-content\/uploads\/2026\/04\/affordable-dji-t40-agricultural-drone.jpg\" alt=\"\" width=\"1200\" height=\"675\" srcset=\"https:\/\/dyit-smart.com\/wp-content\/uploads\/2026\/04\/affordable-dji-t40-agricultural-drone.jpg 1200w, https:\/\/dyit-smart.com\/wp-content\/uploads\/2026\/04\/affordable-dji-t40-agricultural-drone-300x169.jpg 300w, https:\/\/dyit-smart.com\/wp-content\/uploads\/2026\/04\/affordable-dji-t40-agricultural-drone-1024x576.jpg 1024w, https:\/\/dyit-smart.com\/wp-content\/uploads\/2026\/04\/affordable-dji-t40-agricultural-drone-768x432.jpg 768w\" sizes=\"(max-width: 1200px) 100vw, 1200px\" \/><\/span><\/li>\n<\/ul>\n<h3 style=\"color: #1a4072; margin-top: 20px;\">Syst\u00e8me d'\u00e9pandage<\/h3>\n<ul style=\"line-height: 1.8;\">\n<li>Convient aux granul\u00e9s secs de 0,5 \u00e0 5 mm (engrais, semences, etc.)<\/li>\n<li>Tr\u00e9mie de 70L | Charge max : <span style=\"color: #235794; font-weight: bold;\">50 kg<\/span><\/li>\n<li>Largeur d'\u00e9pandage : jusqu'\u00e0 8m | D\u00e9bit max : 90kg\/min<img decoding=\"async\" class=\"aligncenter size-full wp-image-2099\" src=\"https:\/\/dyit-smart.com\/wp-content\/uploads\/2026\/04\/dji-t40-agras-spray-drone-for-sale.jpg\" alt=\"\" width=\"1200\" height=\"675\" srcset=\"https:\/\/dyit-smart.com\/wp-content\/uploads\/2026\/04\/dji-t40-agras-spray-drone-for-sale.jpg 1200w, https:\/\/dyit-smart.com\/wp-content\/uploads\/2026\/04\/dji-t40-agras-spray-drone-for-sale-300x169.jpg 300w, https:\/\/dyit-smart.com\/wp-content\/uploads\/2026\/04\/dji-t40-agras-spray-drone-for-sale-1024x576.jpg 1024w, https:\/\/dyit-smart.com\/wp-content\/uploads\/2026\/04\/dji-t40-agras-spray-drone-for-sale-768x432.jpg 768w\" sizes=\"(max-width: 1200px) 100vw, 1200px\" \/><\/li>\n<\/ul>\n<h3 style=\"color: #1a4072; margin-top: 20px;\">\u00c9vitement des obstacles et positionnement<\/h3>\n<ul style=\"line-height: 1.8;\">\n<li>D\u00e9tection omnidirectionnelle \u00e0 360\u00b0 (radar + vision binoculaire)<\/li>\n<li>Prise en charge de la cartographie des pentes \u00e0 20\u00b0 et du suivi du terrain \u00e0 45<\/li>\n<li>RTK haute pr\u00e9cision : <span style=\"color: #235794; font-weight: bold;\">\u00b110cm<\/span><\/li>\n<\/ul>\n<h3 style=\"color: #1a4072; margin-top: 20px;\">Configurations de base<\/h3>\n<ul style=\"line-height: 1.8;\">\n<li>T\u00e9l\u00e9commande RM700B avec \u00e9cran de 7,02 pouces<\/li>\n<li>Temp\u00e9rature de fonctionnement : -20\u2103 \u00e0 50\u2103<\/li>\n<li>R\u00e9sistance au vent : <span style=\"color: #235794; font-weight: bold;\">6m\/s<\/span><\/li>\n<li>Transmission de l'image O3 : 4-5km (selon la r\u00e9gion)<\/li>\n<\/ul>\n<h2 style=\"color: #1a4072; margin-top: 25px;\">Avantages du produit<\/h2>\n<ul style=\"line-height: 1.8;\">\n<li>\u2705 <span style=\"color: #235794; font-weight: bold;\">Conception \u00e0 double charge utile<\/span> - 40kg de pulv\u00e9risation \/ 50kg d'\u00e9pandage, parfait pour les exploitations de taille moyenne et les vergers vallonn\u00e9s<\/li>\n<li>\u2705 <span style=\"color: #235794; font-weight: bold;\">Protection de la s\u00e9curit\u00e9 \u00e0 360<\/span> - \u00c9vitement d'obstacles sur toute la port\u00e9e pour les environnements de terrain complexes<\/li>\n<li>\u2705 <span style=\"color: #235794; font-weight: bold;\">Haute efficacit\u00e9<\/span> - Couvre jusqu'\u00e0 21,3 hectares (52 acres) par heure<\/li>\n<li>\u2705 <span style=\"color: #235794; font-weight: bold;\">Changement de mode rapide<\/span> - Passage rapide de la pulv\u00e9risation \u00e0 l'\u00e9pandage pour gagner du temps<\/li>\n<li>\u2705 <span style=\"color: #235794; font-weight: bold;\">Fonctionnement intelligent<\/span> - Planification automatique des itin\u00e9raires, cartographie 2D\/3D, d\u00e9collage\/atterrissage en une seule touche<\/li>\n<\/ul>\n<h2 style=\"color: #1a4072; margin-top: 25px;\">Fonctions intelligentes<\/h2>\n<p style=\"font-size: 16px; line-height: 1.7; color: #333;\">Le DJI Agras T40 est enti\u00e8rement compatible avec les t\u00e9l\u00e9commandes DJI et l'application Agras. Il prend en charge la cartographie 2D et 3D rapide pour les enqu\u00eates sur de grandes surfaces, la transmission d'images O3 stable sur de longues distances, l'adaptation automatique au terrain et la gestion intelligente de la batterie pour des op\u00e9rations agricoles enti\u00e8rement autonomes, s\u00fbres et efficaces.<\/p>","protected":false},"featured_media":2096,"template":"","meta":{"_acf_changed":false,"site-sidebar-layout":"default","site-content-layout":"","ast-site-content-layout":"default","site-content-style":"default","site-sidebar-style":"default","ast-global-header-display":"","ast-banner-title-visibility":"","ast-main-header-display":"","ast-hfb-above-header-display":"","ast-hfb-below-header-display":"","ast-hfb-mobile-header-display":"","site-post-title":"","ast-breadcrumbs-content":"","ast-featured-img":"","footer-sml-layout":"","theme-transparent-header-meta":"default","adv-header-id-meta":"","stick-header-meta":"default","header-above-stick-meta":"","header-main-stick-meta":"","header-below-stick-meta":"","astra-migrate-meta-layouts":"set","ast-page-background-enabled":"default","ast-page-background-meta":{"desktop":{"background-color":"var(--ast-global-color-4)","background-image":"","background-repeat":"repeat","background-position":"center center","background-size":"auto","background-attachment":"scroll","background-type":"","background-media":"","overlay-type":"","overlay-color":"","overlay-gradient":""},"tablet":{"background-color":"","background-image":"","background-repeat":"repeat","background-position":"center center","background-size":"auto","background-attachment":"scroll","background-type":"","background-media":"","overlay-type":"","overlay-color":"","overlay-gradient":""},"mobile":{"background-color":"","background-image":"","background-repeat":"repeat","background-position":"center center","background-size":"auto","background-attachment":"scroll","background-type":"","background-media":"","overlay-type":"","overlay-color":"","overlay-gradient":""}},"ast-content-background-meta":{"desktop":{"background-color":"var(--ast-global-color-5)","background-image":"","background-repeat":"repeat","background-position":"center center","background-size":"auto","background-attachment":"scroll","background-type":"","background-media":"","overlay-type":"","overlay-color":"","overlay-gradient":""},"tablet":{"background-color":"var(--ast-global-color-5)","background-image":"","background-repeat":"repeat","background-position":"center center","background-size":"auto","background-attachment":"scroll","background-type":"","background-media":"","overlay-type":"","overlay-color":"","overlay-gradient":""},"mobile":{"background-color":"var(--ast-global-color-5)","background-image":"","background-repeat":"repeat","background-position":"center center","background-size":"auto","background-attachment":"scroll","background-type":"","background-media":"","overlay-type":"","overlay-color":"","overlay-gradient":""}}},"tags":[],"products":[80],"class_list":["post-2047","product","type-product","status-publish","has-post-thumbnail","hentry","products-agricultural-drones"],"acf":[],"_links":{"self":[{"href":"https:\/\/dyit-smart.com\/fr\/wp-json\/wp\/v2\/product\/2047","targetHints":{"allow":["GET"]}}],"collection":[{"href":"https:\/\/dyit-smart.com\/fr\/wp-json\/wp\/v2\/product"}],"about":[{"href":"https:\/\/dyit-smart.com\/fr\/wp-json\/wp\/v2\/types\/product"}],"wp:featuredmedia":[{"embeddable":true,"href":"https:\/\/dyit-smart.com\/fr\/wp-json\/wp\/v2\/media\/2096"}],"wp:attachment":[{"href":"https:\/\/dyit-smart.com\/fr\/wp-json\/wp\/v2\/media?parent=2047"}],"wp:term":[{"taxonomy":"post_tag","embeddable":true,"href":"https:\/\/dyit-smart.com\/fr\/wp-json\/wp\/v2\/tags?post=2047"},{"taxonomy":"products","embeddable":true,"href":"https:\/\/dyit-smart.com\/fr\/wp-json\/wp\/v2\/products?post=2047"}],"curies":[{"name":"wp","href":"https:\/\/api.w.org\/{rel}","templated":true}]}}